{"id":298,"date":"2025-02-26T14:34:23","date_gmt":"2025-02-26T13:34:23","guid":{"rendered":"https:\/\/bavarian-energy-group.com\/?page_id=298"},"modified":"2025-03-21T20:42:58","modified_gmt":"2025-03-21T19:42:58","slug":"rohoel","status":"publish","type":"page","link":"https:\/\/bavarian-dabe-global-port.com\/index.php\/rohoel\/","title":{"rendered":"Roh\u00f6l"},"content":{"rendered":"\n<figure class=\"wp-block-image size-large\"><img loading=\"lazy\" decoding=\"async\" width=\"1024\" height=\"288\" src=\"https:\/\/bavarian-energy-group.com\/wp-content\/uploads\/2025\/02\/Slider-1-1024x288.jpg\" alt=\"\" class=\"wp-image-39\" srcset=\"https:\/\/bavarian-dabe-global-port.com\/wp-content\/uploads\/2025\/02\/Slider-1-1024x288.jpg 1024w, https:\/\/bavarian-dabe-global-port.com\/wp-content\/uploads\/2025\/02\/Slider-1-300x84.jpg 300w, https:\/\/bavarian-dabe-global-port.com\/wp-content\/uploads\/2025\/02\/Slider-1-768x216.jpg 768w, https:\/\/bavarian-dabe-global-port.com\/wp-content\/uploads\/2025\/02\/Slider-1-1536x432.jpg 1536w, https:\/\/bavarian-dabe-global-port.com\/wp-content\/uploads\/2025\/02\/Slider-1.jpg 2000w\" sizes=\"auto, (max-width: 1024px) 100vw, 1024px\" \/><\/figure>\n\n\n\n<p style=\"line-height:1.3\">Die Registrierung bei der SOMO (Staatliche Organisation f\u00fcr die Vermarktung von \u00d6l) ist in Prozess und wir k\u00f6nnen in Zukunft mehr oder weniger weltweit \u00d6l anbieten.<\/p>\n\n\n\n<p>Wir k\u00f6nnen folgende Spezifikationen liefern:<\/p>\n\n\n\n<hr class=\"wp-block-separator has-alpha-channel-opacity\"\/>\n\n\n\n<p>schweres Roh\u00f6l<br>mittleres Roh\u00f6l<br>leichtes Roh\u00f6l<br>Qaiyarah Roh\u00f6l<\/p>\n\n\n\n<hr class=\"wp-block-separator has-alpha-channel-opacity\"\/>\n\n\n\n<p>Sollten Sie ebenfalls bei der SOMO gelistet sein, k\u00f6nnen wir Sie in Zukunft direkt mit Kontingenten versorgen.<\/p>\n\n\n\n<hr class=\"wp-block-separator has-alpha-channel-opacity\"\/>\n\n\n\n<p>Bitte sprechen Sie uns an<\/p>\n","protected":false},"excerpt":{"rendered":"<p>Die Registrierung bei der SOMO (Staatliche Organisation f\u00fcr die Vermarktung von \u00d6l) ist in Prozess und wir k\u00f6nnen in Zukunft mehr oder weniger weltweit \u00d6l anbieten. Wir k\u00f6nnen folgende Spezifikationen liefern: schweres Roh\u00f6lmittleres Roh\u00f6lleichtes Roh\u00f6lQaiyarah Roh\u00f6l Sollten Sie ebenfalls bei<\/p>\n","protected":false},"author":1,"featured_media":0,"parent":0,"menu_order":51,"comment_status":"closed","ping_status":"closed","template":"","meta":{"footnotes":""},"class_list":["post-298","page","type-page","status-publish","hentry","","tg-column-two"],"jetpack_sharing_enabled":true,"_links":{"self":[{"href":"https:\/\/bavarian-dabe-global-port.com\/index.php\/wp-json\/wp\/v2\/pages\/298","targetHints":{"allow":["GET"]}}],"collection":[{"href":"https:\/\/bavarian-dabe-global-port.com\/index.php\/wp-json\/wp\/v2\/pages"}],"about":[{"href":"https:\/\/bavarian-dabe-global-port.com\/index.php\/wp-json\/wp\/v2\/types\/page"}],"author":[{"embeddable":true,"href":"https:\/\/bavarian-dabe-global-port.com\/index.php\/wp-json\/wp\/v2\/users\/1"}],"replies":[{"embeddable":true,"href":"https:\/\/bavarian-dabe-global-port.com\/index.php\/wp-json\/wp\/v2\/comments?post=298"}],"version-history":[{"count":3,"href":"https:\/\/bavarian-dabe-global-port.com\/index.php\/wp-json\/wp\/v2\/pages\/298\/revisions"}],"predecessor-version":[{"id":480,"href":"https:\/\/bavarian-dabe-global-port.com\/index.php\/wp-json\/wp\/v2\/pages\/298\/revisions\/480"}],"wp:attachment":[{"href":"https:\/\/bavarian-dabe-global-port.com\/index.php\/wp-json\/wp\/v2\/media?parent=298"}],"curies":[{"name":"wp","href":"https:\/\/api.w.org\/{rel}","templated":true}]}}