{"id":460,"date":"2025-03-21T08:29:09","date_gmt":"2025-03-21T07:29:09","guid":{"rendered":"https:\/\/bavarian-dabe-global-port.com\/?page_id=460"},"modified":"2025-03-21T08:41:45","modified_gmt":"2025-03-21T07:41:45","slug":"hafen-arica-peru","status":"publish","type":"page","link":"https:\/\/bavarian-dabe-global-port.com\/index.php\/hafen-arica-peru\/","title":{"rendered":"Hafen Arica, Chile"},"content":{"rendered":"\n<div class=\"wp-block-jetpack-slideshow aligncenter\" data-effect=\"slide\"><div class=\"wp-block-jetpack-slideshow_container swiper-container\"><ul class=\"wp-block-jetpack-slideshow_swiper-wrapper swiper-wrapper\"><li class=\"wp-block-jetpack-slideshow_slide swiper-slide\"><figure><img loading=\"lazy\" decoding=\"async\" width=\"627\" height=\"335\" alt=\"\" class=\"wp-block-jetpack-slideshow_image wp-image-464\" data-id=\"464\" src=\"https:\/\/bavarian-dabe-global-port.com\/wp-content\/uploads\/2025\/03\/Hafen-Arica1.png\" srcset=\"https:\/\/bavarian-dabe-global-port.com\/wp-content\/uploads\/2025\/03\/Hafen-Arica1.png 627w, https:\/\/bavarian-dabe-global-port.com\/wp-content\/uploads\/2025\/03\/Hafen-Arica1-300x160.png 300w\" sizes=\"(max-width: 627px) 100vw, 627px\" \/><\/figure><\/li><li class=\"wp-block-jetpack-slideshow_slide swiper-slide\"><figure><img loading=\"lazy\" decoding=\"async\" width=\"628\" height=\"326\" alt=\"\" class=\"wp-block-jetpack-slideshow_image wp-image-465\" data-id=\"465\" src=\"https:\/\/bavarian-dabe-global-port.com\/wp-content\/uploads\/2025\/03\/Hafen-Arica2.png\" srcset=\"https:\/\/bavarian-dabe-global-port.com\/wp-content\/uploads\/2025\/03\/Hafen-Arica2.png 628w, https:\/\/bavarian-dabe-global-port.com\/wp-content\/uploads\/2025\/03\/Hafen-Arica2-300x156.png 300w\" sizes=\"(max-width: 628px) 100vw, 628px\" \/><\/figure><\/li><\/ul><a class=\"wp-block-jetpack-slideshow_button-prev swiper-button-prev swiper-button-white\" role=\"button\"><\/a><a class=\"wp-block-jetpack-slideshow_button-next swiper-button-next swiper-button-white\" role=\"button\"><\/a><a aria-label=\"Pause Slideshow\" class=\"wp-block-jetpack-slideshow_button-pause\" role=\"button\"><\/a><div class=\"wp-block-jetpack-slideshow_pagination swiper-pagination swiper-pagination-white\"><\/div><\/div><\/div>\n\n\n\n<p>Beim Bau des Hafens Arica in Chile, einem gro\u00dfen Infrastrukturprojekt, das wesentlich zur wirtschaftlichen Entwicklung der Region beigetragen hat, spielte unser Unternehmen als Berater eine wichtige Rolle. Als wichtiger Partner haben wir mit unserer Expertise und strategischen Beratung entscheidend zum Erfolg des Projekts beigetragen und den Hafen zu einer der wichtigsten Drehscheiben im pazifischen Raum gemacht. W\u00e4hrend des gesamten Projekts haben wir ein breites Spektrum an Dienstleistungen erbracht, von der ersten Planung \u00fcber Machbarkeitsstudien bis hin zur kontinuierlichen Unterst\u00fctzung w\u00e4hrend der Bauphase. <br><br>Unser Team arbeitete eng mit Ingenieuren, Projektmanagern und Stakeholdern zusammen, um sicherzustellen, dass der Hafen den heutigen und zuk\u00fcnftigen Anforderungen des internationalen Handels gerecht wird. Die Komplexit\u00e4t des Projekts erforderte nicht nur technisches Know-how, sondern auch ein tiefes Verst\u00e4ndnis der regionalen wirtschaftlichen Bed\u00fcrfnisse, der logistischen Herausforderungen und der regulatorischen Rahmenbedingungen.<br><br>Einer unserer wichtigsten Beitr\u00e4ge war die Optimierung der logistischen Abl\u00e4ufe des Hafens. Durch die Analyse globalen Versandtrends und lokalen Infrastrukturkapazit\u00e4ten konnten wir L\u00f6sungen erarbeiten, die es dem Hafen von Callao erm\u00f6glichen, gr\u00f6\u00dfere Frachtmengen effizienter abzufertigen.<br><br>Dabei ging es um eine detaillierte Planung von Anlegestellen, Umschlagsanlagen und Lagerfl\u00e4chen<br>um den Durchsatz zu maximieren und Betriebsverz\u00f6gerungen zu minimieren. Neben der technischen Beratung haben wir auch bei der Einhaltung gesetzlicher Vorschriften unterst\u00fctzt und dabei sichergestellt, dass jeder Bauabschnitt sowohl nationalen als auch internationalen Standards entspricht. Das hat geholfen<br>kostspielige Verz\u00f6gerungen und rechtliche Anfechtungen zu vermeiden, indem sichergestellt wurde, dass das Projekt p\u00fcnktlich und innerhalb k\u00fcrzester Zeit abgeschlossen wurde.<br><br>Unser Know-how im Bereich umweltschonender Baupraktiken spielte auch eine wichtige Rolle bei der<br>Minimierung der \u00f6kologischen Auswirkungen des Hafens bei gleichzeitiger Gew\u00e4hrleistung einer nachhaltigen Nutzung der Ressourcen.<br><br>Ein weiterer wichtiger Aspekt unserer Arbeit war die Aus- und Weiterbildung der lokalen Arbeitskr\u00e4fte.<br>Wir haben erkannt, wie wichtig es ist, die lokale Gemeinschaft zu st\u00e4rken, und haben dazu beigetragen, qualifizierte Arbeitskr\u00e4fte aufzubauen, um die langfristige Funktionsf\u00e4higkeit des Hafens zu gew\u00e4hrleisten. Unsere Bem\u00fchungen um Wissenstransfer und Personalentwicklung haben zum anhaltenden Erfolg und zur Nachhaltigkeit des Hafens nach seiner Fertigstellung beigetragen.<\/p>\n\n\n\n<p>Dank unserer bedeutenden Beitr\u00e4ge ist der Hafen von Chileheute ein unverzichtbarer Knotenpunkt f\u00fcr den internationalen Handel und ein wichtiger Motor f\u00fcr das chilenische Wirtschaftswachstum. Wir sind stolz darauf, dass unsere Beratung eine wesentliche Rolle f\u00fcr den Erfolg des Projekts gespielt hat und dass der Hafen von Chile nun als wichtiges Tor f\u00fcr den Handel in der Pazifikregion dient.<\/p>\n","protected":false},"excerpt":{"rendered":"<p>Beim Bau des Hafens Arica in Chile, einem gro\u00dfen Infrastrukturprojekt, das wesentlich zur wirtschaftlichen Entwicklung der Region beigetragen hat, spielte unser Unternehmen als Berater eine wichtige Rolle. Als wichtiger Partner haben wir mit unserer Expertise und strategischen Beratung entscheidend zum<\/p>\n","protected":false},"author":1,"featured_media":0,"parent":0,"menu_order":31,"comment_status":"closed","ping_status":"closed","template":"","meta":{"footnotes":""},"class_list":["post-460","page","type-page","status-publish","hentry","","tg-column-two"],"jetpack_sharing_enabled":true,"_links":{"self":[{"href":"https:\/\/bavarian-dabe-global-port.com\/index.php\/wp-json\/wp\/v2\/pages\/460","targetHints":{"allow":["GET"]}}],"collection":[{"href":"https:\/\/bavarian-dabe-global-port.com\/index.php\/wp-json\/wp\/v2\/pages"}],"about":[{"href":"https:\/\/bavarian-dabe-global-port.com\/index.php\/wp-json\/wp\/v2\/types\/page"}],"author":[{"embeddable":true,"href":"https:\/\/bavarian-dabe-global-port.com\/index.php\/wp-json\/wp\/v2\/users\/1"}],"replies":[{"embeddable":true,"href":"https:\/\/bavarian-dabe-global-port.com\/index.php\/wp-json\/wp\/v2\/comments?post=460"}],"version-history":[{"count":6,"href":"https:\/\/bavarian-dabe-global-port.com\/index.php\/wp-json\/wp\/v2\/pages\/460\/revisions"}],"predecessor-version":[{"id":475,"href":"https:\/\/bavarian-dabe-global-port.com\/index.php\/wp-json\/wp\/v2\/pages\/460\/revisions\/475"}],"wp:attachment":[{"href":"https:\/\/bavarian-dabe-global-port.com\/index.php\/wp-json\/wp\/v2\/media?parent=460"}],"curies":[{"name":"wp","href":"https:\/\/api.w.org\/{rel}","templated":true}]}}